{"id":23,"date":"2023-03-15T15:57:49","date_gmt":"2023-03-15T14:57:49","guid":{"rendered":"https:\/\/pracowniaskryby.pl\/?page_id=23"},"modified":"2023-09-25T14:01:35","modified_gmt":"2023-09-25T12:01:35","slug":"kaligrafia-okolicznosciowa-wypisywanie-zaproszen-dyplomow-itp","status":"publish","type":"page","link":"https:\/\/pracowniaskryby.pl\/?page_id=23","title":{"rendered":"Kaligrafia okoliczno\u015bciowa &#8211; wypisywanie  zaprosze\u0144, dyplom\u00f3w itp."},"content":{"rendered":"<p>[et_pb_section fb_built=&#8221;1&#8243; fullwidth=&#8221;on&#8221; _builder_version=&#8221;4.20.2&#8243; _module_preset=&#8221;default&#8221; global_colors_info=&#8221;{}&#8221;][et_pb_fullwidth_image src=&#8221;https:\/\/pracowniaskryby.pl\/wp-content\/uploads\/2023\/09\/Baner-1-Kaligrafia-okolicznosciowa-Pracownia-Skryby-Paulina-Herman.webp&#8221; alt=&#8221;Baner 1 Kaligrafia okoliczno\u015bciowa Pracownia Skryby Paulina Herman&#8221; title_text=&#8221;Baner 1 Kaligrafia okoliczno\u015bciowa Pracownia Skryby Paulina Herman&#8221; _builder_version=&#8221;4.20.2&#8243; _module_preset=&#8221;default&#8221; custom_padding=&#8221;||0px|||&#8221; global_colors_info=&#8221;{}&#8221;][\/et_pb_fullwidth_image][\/et_pb_section][et_pb_section fb_built=&#8221;1&#8243; _builder_version=&#8221;4.20.2&#8243; _module_preset=&#8221;default&#8221; global_colors_info=&#8221;{}&#8221; custom_padding=&#8221;||1px|||&#8221;][et_pb_row _builder_version=&#8221;4.20.2&#8243; _module_preset=&#8221;default&#8221; custom_padding=&#8221;0px|||||&#8221; global_colors_info=&#8221;{}&#8221;][et_pb_column type=&#8221;4_4&#8243; _builder_version=&#8221;4.20.2&#8243; _module_preset=&#8221;default&#8221; global_colors_info=&#8221;{}&#8221;][et_pb_text _builder_version=&#8221;4.20.2&#8243; _module_preset=&#8221;default&#8221; text_font=&#8221;Ballet||||||||&#8221; text_font_size=&#8221;34px&#8221; text_letter_spacing=&#8221;3px&#8221; custom_margin=&#8221;||41px|||&#8221; global_colors_info=&#8221;{}&#8221;]<\/p>\n<p style=\"text-align: center;\"><strong>Czeka Ci\u0119 wyj\u0105tkowy dzie\u0144,<\/strong><\/p>\n<p style=\"text-align: center;\"><strong> do kt\u00f3rego \u015bwi\u0119towania chcia\u0142by\u015b zaprosi\u0107 wyj\u0105tkowe Ci osoby?<\/strong><\/p>\n<p style=\"text-align: center;\"><strong>B\u0119dziesz wi\u0119c potrzebowa\u0107 elegancko wypisanych zaprosze\u0144.<\/strong><\/p>\n<p>[\/et_pb_text][et_pb_text _builder_version=&#8221;4.20.2&#8243; _module_preset=&#8221;default&#8221; text_font=&#8221;Bellefair||||||||&#8221; text_font_size=&#8221;23px&#8221; custom_margin=&#8221;50px|||||&#8221; global_colors_info=&#8221;{}&#8221;]<\/p>\n<p style=\"text-align: center;\"><span>Mo\u017ce musisz komu\u015b podzi\u0119kowa\u0107 lub uhonorowa\u0107 dyplomem?<\/span><\/p>\n<p style=\"text-align: center;\"><span>Mog\u0119 ci w tym pom\u00f3c. <\/span><\/p>\n<p style=\"text-align: center;\"><span>Wykonuj\u0119 artystyczne r\u0119czne wypisywanie podzi\u0119kowa\u0144 i dyplom\u00f3w.<\/span><\/p>\n<p>[\/et_pb_text][et_pb_text _builder_version=&#8221;4.20.2&#8243; _module_preset=&#8221;default&#8221; text_font=&#8221;Bonheur Royale||on||||||&#8221; text_text_color=&#8221;#000000&#8243; text_font_size=&#8221;41px&#8221; custom_margin=&#8221;50px|||||&#8221; global_colors_info=&#8221;{}&#8221;]<\/p>\n<p style=\"text-align: center;\">Kaligrafia jest sztuk\u0105 pi\u0119knego wypisywania zaprosze\u0144, dyplom\u00f3w i podzi\u0119kowa\u0144.<\/p>\n<p>[\/et_pb_text][\/et_pb_column][\/et_pb_row][et_pb_row _builder_version=&#8221;4.20.2&#8243; _module_preset=&#8221;default&#8221; global_colors_info=&#8221;{}&#8221;][et_pb_column type=&#8221;4_4&#8243; _builder_version=&#8221;4.20.2&#8243; _module_preset=&#8221;default&#8221; global_colors_info=&#8221;{}&#8221;][et_pb_text _builder_version=&#8221;4.20.2&#8243; _module_preset=&#8221;default&#8221; link_option_url=&#8221;pracowniakryby@gmail.com&#8221; hover_enabled=&#8221;0&#8243; global_colors_info=&#8221;{}&#8221; custom_padding=&#8221;||0px|||&#8221; link_text_align=&#8221;justify&#8221; link_text_shadow_style=&#8221;preset1&#8243; sticky_enabled=&#8221;0&#8243; text_text_shadow_style=&#8221;preset2&#8243;]<\/p>\n<p style=\"text-align: right;\">pracowniaskryby@gmail.com<\/p>\n<p>[\/et_pb_text][\/et_pb_column][\/et_pb_row][\/et_pb_section][et_pb_section fb_built=&#8221;1&#8243; theme_builder_area=&#8221;post_content&#8221; _builder_version=&#8221;4.20.2&#8243; _module_preset=&#8221;default&#8221; custom_padding=&#8221;0px|||||&#8221;][et_pb_row _builder_version=&#8221;4.20.2&#8243; _module_preset=&#8221;default&#8221; theme_builder_area=&#8221;post_content&#8221; admin_label=&#8221;pax tibi 1&#8243; hover_enabled=&#8221;0&#8243; sticky_enabled=&#8221;0&#8243;][et_pb_column _builder_version=&#8221;4.20.2&#8243; _module_preset=&#8221;default&#8221; type=&#8221;4_4&#8243; theme_builder_area=&#8221;post_content&#8221;][et_pb_image src=&#8221;https:\/\/pracowniaskryby.pl\/wp-content\/uploads\/2023\/09\/Pax-Tibi-1-Pracownia-Skryby-Paulina-Herman.webp&#8221; _builder_version=&#8221;4.20.2&#8243; _module_preset=&#8221;default&#8221; theme_builder_area=&#8221;post_content&#8221; hover_enabled=&#8221;0&#8243; sticky_enabled=&#8221;0&#8243; alt=&#8221;Pax Tibi 1 Pracownia Skryby Paulina Herman&#8221; title_text=&#8221;Pax Tibi 1 Pracownia Skryby Paulina Herman&#8221; custom_padding=&#8221;|||73px||&#8221;][\/et_pb_image][\/et_pb_column][\/et_pb_row][et_pb_row _builder_version=&#8221;4.20.2&#8243; _module_preset=&#8221;default&#8221; theme_builder_area=&#8221;post_content&#8221; admin_label=&#8221;pax tibi 1&#8243; hover_enabled=&#8221;0&#8243; sticky_enabled=&#8221;0&#8243;][et_pb_column _builder_version=&#8221;4.20.2&#8243; _module_preset=&#8221;default&#8221; type=&#8221;4_4&#8243; theme_builder_area=&#8221;post_content&#8221;][et_pb_image src=&#8221;https:\/\/pracowniaskryby.pl\/wp-content\/uploads\/2023\/09\/Pax-Tibi-2-Pracownia-Skryby-Paulina-Herman.webp&#8221; _builder_version=&#8221;4.20.2&#8243; _module_preset=&#8221;default&#8221; theme_builder_area=&#8221;post_content&#8221; alt=&#8221;Pax Tibi 2 Pracownia Skryby Paulina Herman&#8221; title_text=&#8221;Pax Tibi 2 Pracownia Skryby Paulina Herman&#8221; hover_enabled=&#8221;0&#8243; sticky_enabled=&#8221;0&#8243; custom_padding=&#8221;|||214px||&#8221;][\/et_pb_image][\/et_pb_column][\/et_pb_row][\/et_pb_section][et_pb_section fb_built=&#8221;1&#8243; theme_builder_area=&#8221;post_content&#8221; _builder_version=&#8221;4.20.2&#8243; _module_preset=&#8221;default&#8221; custom_padding=&#8221;2px|||||&#8221;][et_pb_row _builder_version=&#8221;4.20.2&#8243; _module_preset=&#8221;default&#8221; theme_builder_area=&#8221;post_content&#8221; custom_padding=&#8221;0px|||||&#8221;][et_pb_column _builder_version=&#8221;4.20.2&#8243; _module_preset=&#8221;default&#8221; type=&#8221;4_4&#8243; theme_builder_area=&#8221;post_content&#8221;][et_pb_image src=&#8221;https:\/\/pracowniaskryby.pl\/wp-content\/uploads\/2023\/09\/Baner-Pax-Tibi-Pracownia-Skryby-Paulina-Herman.webp&#8221; _builder_version=&#8221;4.20.2&#8243; _module_preset=&#8221;default&#8221; theme_builder_area=&#8221;post_content&#8221; admin_label=&#8221;baner pax tibi&#8221; alt=&#8221;Baner Pax Tibi Pracownia Skryby Paulina Herman&#8221; title_text=&#8221;Baner Pax Tibi Pracownia Skryby Paulina Herman&#8221; hover_enabled=&#8221;0&#8243; sticky_enabled=&#8221;0&#8243;][\/et_pb_image][\/et_pb_column][\/et_pb_row][\/et_pb_section]<\/p>\n","protected":false},"excerpt":{"rendered":"<p>Czeka Ci\u0119 wyj\u0105tkowy dzie\u0144, do kt\u00f3rego \u015bwi\u0119towania chcia\u0142by\u015b zaprosi\u0107 wyj\u0105tkowe Ci osoby? B\u0119dziesz wi\u0119c potrzebowa\u0107 elegancko wypisanych zaprosze\u0144.Mo\u017ce musisz komu\u015b podzi\u0119kowa\u0107 lub uhonorowa\u0107 dyplomem? Mog\u0119 ci w tym pom\u00f3c. Wykonuj\u0119 artystyczne r\u0119czne wypisywanie podzi\u0119kowa\u0144 i dyplom\u00f3w.Kaligrafia jest sztuk\u0105 pi\u0119knego wypisywania zaprosze\u0144, dyplom\u00f3w i podzi\u0119kowa\u0144.pracowniaskryby@gmail.com<\/p>\n","protected":false},"author":1,"featured_media":0,"parent":0,"menu_order":0,"comment_status":"closed","ping_status":"closed","template":"","meta":{"_et_pb_use_builder":"on","_et_pb_old_content":"","_et_gb_content_width":"","footnotes":""},"class_list":["post-23","page","type-page","status-publish","hentry"],"_links":{"self":[{"href":"https:\/\/pracowniaskryby.pl\/index.php?rest_route=\/wp\/v2\/pages\/23","targetHints":{"allow":["GET"]}}],"collection":[{"href":"https:\/\/pracowniaskryby.pl\/index.php?rest_route=\/wp\/v2\/pages"}],"about":[{"href":"https:\/\/pracowniaskryby.pl\/index.php?rest_route=\/wp\/v2\/types\/page"}],"author":[{"embeddable":true,"href":"https:\/\/pracowniaskryby.pl\/index.php?rest_route=\/wp\/v2\/users\/1"}],"replies":[{"embeddable":true,"href":"https:\/\/pracowniaskryby.pl\/index.php?rest_route=%2Fwp%2Fv2%2Fcomments&post=23"}],"version-history":[{"count":16,"href":"https:\/\/pracowniaskryby.pl\/index.php?rest_route=\/wp\/v2\/pages\/23\/revisions"}],"predecessor-version":[{"id":544,"href":"https:\/\/pracowniaskryby.pl\/index.php?rest_route=\/wp\/v2\/pages\/23\/revisions\/544"}],"wp:attachment":[{"href":"https:\/\/pracowniaskryby.pl\/index.php?rest_route=%2Fwp%2Fv2%2Fmedia&parent=23"}],"curies":[{"name":"wp","href":"https:\/\/api.w.org\/{rel}","templated":true}]}}