{"id":25,"date":"2023-03-15T15:58:07","date_gmt":"2023-03-15T14:58:07","guid":{"rendered":"https:\/\/pracowniaskryby.pl\/?page_id=25"},"modified":"2023-09-26T12:46:50","modified_gmt":"2023-09-26T10:46:50","slug":"malarstwo","status":"publish","type":"page","link":"https:\/\/pracowniaskryby.pl\/?page_id=25","title":{"rendered":"MALARSTWO"},"content":{"rendered":"<p>[et_pb_section fb_built=&#8221;1&#8243; fullwidth=&#8221;on&#8221; _builder_version=&#8221;4.20.2&#8243; _module_preset=&#8221;default&#8221; global_colors_info=&#8221;{}&#8221;][et_pb_fullwidth_image src=&#8221;https:\/\/pracowniaskryby.pl\/wp-content\/uploads\/2023\/09\/Baner-Malarstwo-Pracownia-Skryby-Paulina-Herman.webp&#8221; alt=&#8221;Baner Malarstwo Pracownia Skryby Paulina Herman&#8221; title_text=&#8221;Baner Malarstwo Pracownia Skryby Paulina Herman&#8221; _builder_version=&#8221;4.20.2&#8243; _module_preset=&#8221;default&#8221; custom_padding=&#8221;||0px|||&#8221; global_colors_info=&#8221;{}&#8221;][\/et_pb_fullwidth_image][\/et_pb_section][et_pb_section fb_built=&#8221;1&#8243; _builder_version=&#8221;4.20.2&#8243; _module_preset=&#8221;default&#8221; custom_padding=&#8221;||1px|||&#8221; global_colors_info=&#8221;{}&#8221;][et_pb_row _builder_version=&#8221;4.20.2&#8243; _module_preset=&#8221;default&#8221; custom_padding=&#8221;0px|||||&#8221; global_colors_info=&#8221;{}&#8221;][et_pb_column type=&#8221;4_4&#8243; _builder_version=&#8221;4.20.2&#8243; _module_preset=&#8221;default&#8221; global_colors_info=&#8221;{}&#8221;][et_pb_text _builder_version=&#8221;4.20.2&#8243; _module_preset=&#8221;default&#8221; text_font=&#8221;Alex Brush||||||||&#8221; text_text_color=&#8221;#282f54&#8243; text_font_size=&#8221;68px&#8221; text_letter_spacing=&#8221;3px&#8221; custom_margin=&#8221;||41px|||&#8221; custom_padding=&#8221;||0px|||&#8221; text_text_shadow_style=&#8221;preset1&#8243; global_colors_info=&#8221;{}&#8221;]<\/p>\n<p style=\"text-align: center;\">Manuskrypty to nie wszystko.<\/p>\n<p>&nbsp;<\/p>\n<p>[\/et_pb_text][et_pb_text _builder_version=&#8221;4.20.2&#8243; _module_preset=&#8221;default&#8221; text_font=&#8221;Akaya Kanadaka||||||||&#8221; text_font_size=&#8221;21px&#8221; custom_margin=&#8221;-79px|||||&#8221; hover_enabled=&#8221;0&#8243; global_colors_info=&#8221;{}&#8221; text_letter_spacing=&#8221;3px&#8221; text_line_height=&#8221;1.8em&#8221; sticky_enabled=&#8221;0&#8243;]<\/p>\n<p style=\"text-align: center;\">Z pod mojej r\u0119ki wychodz\u0105 r\u00f3wnie\u017c obrazy.<\/p>\n<p style=\"text-align: center;\">Czasami olejne, czasami po\u0142\u0105czone z innymi technikami. W swoich pracach \u0142\u0105cz\u0119 r\u00f3\u017cne techniki i u\u017cywam r\u00f3\u017cnych \u015brodk\u00f3w artystycznego wyrazu. Moje obrazy czasem s\u0105 na sprzeda\u017c.<\/p>\n<p style=\"text-align: center;\">[\/et_pb_text][et_pb_text _builder_version=&#8221;4.20.2&#8243; _module_preset=&#8221;default&#8221; text_font=&#8221;Allison||on||||||&#8221; text_text_color=&#8221;#282f54&#8243; text_font_size=&#8221;47px&#8221; custom_margin=&#8221;-15px||-77px|||&#8221; hover_enabled=&#8221;0&#8243; global_colors_info=&#8221;{}&#8221; text_letter_spacing=&#8221;1px&#8221; sticky_enabled=&#8221;0&#8243;]<\/p>\n<p style=\"text-align: center;\"><span>Zapoznaj si\u0119 z pracami poni\u017cej. Je\u015bli Ci si\u0119 spodoba\u0142y zapytaj, mo\u017ce jeszcze s\u0105 dost\u0119pne&#8230;.<\/span><\/p>\n<p>&nbsp;<\/p>\n<p>[\/et_pb_text][\/et_pb_column][\/et_pb_row][et_pb_row _builder_version=&#8221;4.20.2&#8243; _module_preset=&#8221;default&#8221; global_colors_info=&#8221;{}&#8221; custom_padding=&#8221;0px|||||&#8221;][et_pb_column type=&#8221;4_4&#8243; _builder_version=&#8221;4.20.2&#8243; _module_preset=&#8221;default&#8221; global_colors_info=&#8221;{}&#8221;][et_pb_text _builder_version=&#8221;4.20.2&#8243; _module_preset=&#8221;default&#8221; link_text_align=&#8221;justify&#8221; custom_padding=&#8221;||0px|||&#8221; link_option_url=&#8221;pracowniakryby@gmail.com&#8221; text_text_shadow_style=&#8221;preset2&#8243; link_text_shadow_style=&#8221;preset1&#8243; global_colors_info=&#8221;{}&#8221;]<\/p>\n<p style=\"text-align: right;\">pracowniaskryby@gmail.com<\/p>\n<p>[\/et_pb_text][\/et_pb_column][\/et_pb_row][\/et_pb_section][et_pb_section fb_built=&#8221;1&#8243; _builder_version=&#8221;4.20.2&#8243; _module_preset=&#8221;default&#8221; custom_padding=&#8221;0px|||||&#8221; global_colors_info=&#8221;{}&#8221;][et_pb_row admin_label=&#8221;pax tibi 1&#8243; _builder_version=&#8221;4.20.2&#8243; _module_preset=&#8221;default&#8221; hover_enabled=&#8221;0&#8243; global_colors_info=&#8221;{}&#8221; column_structure=&#8221;1_3,1_3,1_3&#8243; sticky_enabled=&#8221;0&#8243;][et_pb_column type=&#8221;1_3&#8243; _builder_version=&#8221;4.20.2&#8243; _module_preset=&#8221;default&#8221; hover_enabled=&#8221;0&#8243; global_colors_info=&#8221;{}&#8221; sticky_enabled=&#8221;0&#8243;][et_pb_image src=&#8221;https:\/\/pracowniaskryby.pl\/wp-content\/uploads\/2023\/09\/Matka-Boska-Gromniczna-1-Paulina-Herman-Pracownia-Skryby.webp&#8221; alt=&#8221;Matka Boska Gromniczna 1 Paulina Herman Pracownia Skryby&#8221; title_text=&#8221;Matka Boska Gromniczna 1 Paulina Herman Pracownia Skryby&#8221; _builder_version=&#8221;4.20.2&#8243; _module_preset=&#8221;default&#8221; custom_padding=&#8221;|||73px||&#8221; hover_enabled=&#8221;0&#8243; global_colors_info=&#8221;{}&#8221; admin_label=&#8221;MBG1&#8243; sticky_enabled=&#8221;0&#8243; box_shadow_style=&#8221;preset1&#8243; box_shadow_blur=&#8221;22px&#8221; box_shadow_spread=&#8221;1px&#8221; box_shadow_color=&#8221;#192857&#8243;][\/et_pb_image][\/et_pb_column][et_pb_column type=&#8221;1_3&#8243; _builder_version=&#8221;4.20.2&#8243; _module_preset=&#8221;default&#8221; hover_enabled=&#8221;0&#8243; global_colors_info=&#8221;{}&#8221; sticky_enabled=&#8221;0&#8243;][et_pb_image src=&#8221;https:\/\/pracowniaskryby.pl\/wp-content\/uploads\/2023\/09\/Matka-Boska-Gromniczna-2-Paulina-Herman-Pracownia-Skryby.webp&#8221; alt=&#8221;Matka Boska Gromniczna 2 Paulina Herman Pracownia Skryby&#8221; title_text=&#8221;Matka Boska Gromniczna 2 Paulina Herman Pracownia Skryby&#8221; _builder_version=&#8221;4.20.2&#8243; _module_preset=&#8221;default&#8221; custom_padding=&#8221;|||73px||&#8221; hover_enabled=&#8221;0&#8243; global_colors_info=&#8221;{}&#8221; admin_label=&#8221;MBG2&#8243; sticky_enabled=&#8221;0&#8243; box_shadow_style=&#8221;preset1&#8243; box_shadow_blur=&#8221;22px&#8221; box_shadow_spread=&#8221;1px&#8221; box_shadow_color=&#8221;#192857&#8243;][\/et_pb_image][\/et_pb_column][et_pb_column type=&#8221;1_3&#8243; _builder_version=&#8221;4.20.2&#8243; _module_preset=&#8221;default&#8221; hover_enabled=&#8221;0&#8243; global_colors_info=&#8221;{}&#8221; sticky_enabled=&#8221;0&#8243;][et_pb_image src=&#8221;https:\/\/pracowniaskryby.pl\/wp-content\/uploads\/2023\/09\/Matka-Boska-Gromniczna-3-Paulina-Herman-Pracownia-Skryby.webp&#8221; alt=&#8221;Matka Boska Gromniczna 3 Paulina Herman Pracownia Skryby&#8221; title_text=&#8221;Matka Boska Gromniczna 3 Paulina Herman Pracownia Skryby&#8221; _builder_version=&#8221;4.20.2&#8243; _module_preset=&#8221;default&#8221; custom_padding=&#8221;|||73px||&#8221; hover_enabled=&#8221;0&#8243; global_colors_info=&#8221;{}&#8221; admin_label=&#8221;MBG3&#8243; sticky_enabled=&#8221;0&#8243; box_shadow_style=&#8221;preset1&#8243; box_shadow_blur=&#8221;22px&#8221; box_shadow_spread=&#8221;1px&#8221; box_shadow_color=&#8221;#192857&#8243;][\/et_pb_image][\/et_pb_column][\/et_pb_row][et_pb_row admin_label=&#8221;pax tibi 1&#8243; _builder_version=&#8221;4.20.2&#8243; _module_preset=&#8221;default&#8221; global_colors_info=&#8221;{}&#8221; custom_padding=&#8221;60px|||||&#8221;][et_pb_column type=&#8221;4_4&#8243; _builder_version=&#8221;4.20.2&#8243; _module_preset=&#8221;default&#8221; global_colors_info=&#8221;{}&#8221;][et_pb_text _builder_version=&#8221;4.20.2&#8243; _module_preset=&#8221;default&#8221; text_font=&#8221;Baskervville||on||||||&#8221; text_text_color=&#8221;#282f54&#8243; text_font_size=&#8221;23px&#8221; custom_margin=&#8221;-15px||-77px|||&#8221; hover_enabled=&#8221;0&#8243; global_colors_info=&#8221;{}&#8221; text_letter_spacing=&#8221;3px&#8221; text_line_height=&#8221;1.8em&#8221; sticky_enabled=&#8221;0&#8243;]<\/p>\n<p style=\"text-align: right;\"><span>Matka Boska Gromniczna<\/span><\/p>\n<p style=\"text-align: right;\"><span>olej na p\u0142\u00f3tnie 33&#215;46 <\/span><\/p>\n<p style=\"text-align: right;\"><span>Obraz zainspirowany legend\u0105 z ksi\u0105\u017cki \u201eKr\u00f3lowa Niebios\u201d M. Gawalewicza<\/span><\/p>\n<p style=\"text-align: right;\"><span>\u201eGdy w noc miesi\u0119czn\u0105 wilki w polach wyj\u0105, ludzie si\u0119 ze snu budz\u0105 z wielkim strachem, i s\u0142ycha\u0107 <\/span><span>szepty pod s\u0142omianym dachem: W Twoj\u0105 opiek\u0119 we\u017amij nas, Maryjo\u201d (M. Gawalewicz \u201eKr\u00f3lowa Niebios\u201d). <\/span><\/p>\n<p>&nbsp;<\/p>\n<p>[\/et_pb_text][\/et_pb_column][\/et_pb_row][et_pb_row _builder_version=&#8221;4.20.2&#8243; _module_preset=&#8221;default&#8221; column_structure=&#8221;1_2,1_2&#8243;][et_pb_column _builder_version=&#8221;4.20.2&#8243; _module_preset=&#8221;default&#8221; type=&#8221;1_2&#8243;][et_pb_image src=&#8221;https:\/\/pracowniaskryby.pl\/wp-content\/uploads\/2023\/09\/Baner-3-Malarstwo-Pracownia-Skryby-Paulina-Herman.webp&#8221; _builder_version=&#8221;4.20.2&#8243; _module_preset=&#8221;default&#8221; hover_enabled=&#8221;0&#8243; sticky_enabled=&#8221;0&#8243; admin_label=&#8221;Malarstwo baner 3&#8243; alt=&#8221;Baner 3 Malarstwo Pracownia Skryby Paulina Herman&#8221; title_text=&#8221;Baner 3 Malarstwo Pracownia Skryby Paulina Herman&#8221; custom_padding=&#8221;60px|||||&#8221;][\/et_pb_image][\/et_pb_column][et_pb_column _builder_version=&#8221;4.20.2&#8243; _module_preset=&#8221;default&#8221; type=&#8221;1_2&#8243;][et_pb_image src=&#8221;https:\/\/pracowniaskryby.pl\/wp-content\/uploads\/2023\/09\/Baner-2-Malarstwo-Pracownia-Skryby-Paulina-Herman.webp&#8221; _builder_version=&#8221;4.20.2&#8243; _module_preset=&#8221;default&#8221; admin_label=&#8221;Malarstwo baner 2&#8243; hover_enabled=&#8221;0&#8243; sticky_enabled=&#8221;0&#8243; alt=&#8221;Baner 2 Malarstwo Pracownia Skryby Paulina Herman&#8221; title_text=&#8221;Baner 2 Malarstwo Pracownia Skryby Paulina Herman&#8221; box_shadow_style=&#8221;preset1&#8243;][\/et_pb_image][\/et_pb_column][\/et_pb_row][\/et_pb_section]<\/p>\n","protected":false},"excerpt":{"rendered":"<p>Manuskrypty to nie wszystko. &nbsp;Z pod mojej r\u0119ki wychodz\u0105 r\u00f3wnie\u017c obrazy. Czasami olejne, czasami po\u0142\u0105czone z innymi technikami. W swoich pracach \u0142\u0105cz\u0119 r\u00f3\u017cne techniki i u\u017cywam r\u00f3\u017cnych \u015brodk\u00f3w artystycznego wyrazu. Moje obrazy czasem s\u0105 na sprzeda\u017c. Zapoznaj si\u0119 z pracami poni\u017cej. Je\u015bli Ci si\u0119 spodoba\u0142y zapytaj, mo\u017ce jeszcze s\u0105 dost\u0119pne&#8230;. &nbsp;pracowniaskryby@gmail.comMatka Boska Gromniczna olej na [&hellip;]<\/p>\n","protected":false},"author":1,"featured_media":0,"parent":0,"menu_order":0,"comment_status":"closed","ping_status":"closed","template":"","meta":{"_et_pb_use_builder":"on","_et_pb_old_content":"","_et_gb_content_width":"","footnotes":""},"class_list":["post-25","page","type-page","status-publish","hentry"],"_links":{"self":[{"href":"https:\/\/pracowniaskryby.pl\/index.php?rest_route=\/wp\/v2\/pages\/25","targetHints":{"allow":["GET"]}}],"collection":[{"href":"https:\/\/pracowniaskryby.pl\/index.php?rest_route=\/wp\/v2\/pages"}],"about":[{"href":"https:\/\/pracowniaskryby.pl\/index.php?rest_route=\/wp\/v2\/types\/page"}],"author":[{"embeddable":true,"href":"https:\/\/pracowniaskryby.pl\/index.php?rest_route=\/wp\/v2\/users\/1"}],"replies":[{"embeddable":true,"href":"https:\/\/pracowniaskryby.pl\/index.php?rest_route=%2Fwp%2Fv2%2Fcomments&post=25"}],"version-history":[{"count":10,"href":"https:\/\/pracowniaskryby.pl\/index.php?rest_route=\/wp\/v2\/pages\/25\/revisions"}],"predecessor-version":[{"id":563,"href":"https:\/\/pracowniaskryby.pl\/index.php?rest_route=\/wp\/v2\/pages\/25\/revisions\/563"}],"wp:attachment":[{"href":"https:\/\/pracowniaskryby.pl\/index.php?rest_route=%2Fwp%2Fv2%2Fmedia&parent=25"}],"curies":[{"name":"wp","href":"https:\/\/api.w.org\/{rel}","templated":true}]}}