{"id":27,"date":"2023-03-15T15:58:33","date_gmt":"2023-03-15T14:58:33","guid":{"rendered":"https:\/\/pracowniaskryby.pl\/?page_id=27"},"modified":"2024-03-09T11:52:03","modified_gmt":"2024-03-09T10:52:03","slug":"ceramika","status":"publish","type":"page","link":"https:\/\/pracowniaskryby.pl\/?page_id=27","title":{"rendered":"CERAMIKA"},"content":{"rendered":"<p>[et_pb_section fb_built=&#8221;1&#8243; fullwidth=&#8221;on&#8221; _builder_version=&#8221;4.20.2&#8243; _module_preset=&#8221;default&#8221; global_colors_info=&#8221;{}&#8221;][et_pb_fullwidth_image src=&#8221;https:\/\/pracowniaskryby.pl\/wp-content\/uploads\/2023\/09\/Baner-1-Ceramika-Pracownia-Skryby-Paulina-Herman.webp&#8221; alt=&#8221;Baner 1 Ceramika Pracownia Skryby Paulina Herman&#8221; title_text=&#8221;Baner 1 Ceramika Pracownia Skryby Paulina Herman&#8221; _builder_version=&#8221;4.20.2&#8243; _module_preset=&#8221;default&#8221; custom_padding=&#8221;||0px|||&#8221; global_colors_info=&#8221;{}&#8221;][\/et_pb_fullwidth_image][\/et_pb_section][et_pb_section fb_built=&#8221;1&#8243; _builder_version=&#8221;4.20.2&#8243; _module_preset=&#8221;default&#8221; global_colors_info=&#8221;{}&#8221;][et_pb_row _builder_version=&#8221;4.20.2&#8243; _module_preset=&#8221;default&#8221; custom_margin=&#8221;|auto|-89px|auto||&#8221; global_colors_info=&#8221;{}&#8221;][et_pb_column type=&#8221;4_4&#8243; _builder_version=&#8221;4.20.2&#8243; _module_preset=&#8221;default&#8221; global_colors_info=&#8221;{}&#8221;][et_pb_image src=&#8221;https:\/\/pracowniaskryby.pl\/wp-content\/uploads\/2023\/03\/Pracownia-Skryby-Paulina-Herman-logo-male.png&#8221; alt=&#8221;pracownia skryby Paulina Herman&#8221; title_text=&#8221;logo Pracownia Skryby Paulina Herman logo male&#8221; _builder_version=&#8221;4.20.2&#8243; _module_preset=&#8221;default&#8221; custom_margin=&#8221;-161px||0px|-118px|false|false&#8221; custom_padding=&#8221;|||0px||&#8221; global_colors_info=&#8221;{}&#8221;][\/et_pb_image][\/et_pb_column][\/et_pb_row][\/et_pb_section][et_pb_section fb_built=&#8221;1&#8243; _builder_version=&#8221;4.20.2&#8243; _module_preset=&#8221;default&#8221; custom_padding=&#8221;0px||1px|||&#8221; global_colors_info=&#8221;{}&#8221;][et_pb_row _builder_version=&#8221;4.20.2&#8243; _module_preset=&#8221;default&#8221; custom_padding=&#8221;0px|||||&#8221; global_colors_info=&#8221;{}&#8221;][et_pb_column type=&#8221;4_4&#8243; _builder_version=&#8221;4.20.2&#8243; _module_preset=&#8221;default&#8221; global_colors_info=&#8221;{}&#8221;][et_pb_text _builder_version=&#8221;4.20.2&#8243; _module_preset=&#8221;default&#8221; text_font=&#8221;||||||||&#8221; text_text_color=&#8221;#282f54&#8243; text_font_size=&#8221;39px&#8221; text_letter_spacing=&#8221;3px&#8221; custom_margin=&#8221;||41px|||&#8221; custom_padding=&#8221;||0px|||&#8221; text_text_shadow_style=&#8221;preset1&#8243; global_colors_info=&#8221;{}&#8221;]<\/p>\n<p style=\"text-align: justify;\"><span>Pracownia Skryby to tak\u017ce <\/span><span>pracownia ceramiczna. <\/span><\/p>\n<p>&nbsp;<\/p>\n<p>[\/et_pb_text][et_pb_text _builder_version=&#8221;4.20.2&#8243; _module_preset=&#8221;default&#8221; text_font=&#8221;Akaya Kanadaka||||||||&#8221; text_font_size=&#8221;21px&#8221; text_letter_spacing=&#8221;3px&#8221; text_line_height=&#8221;1.8em&#8221; custom_margin=&#8221;-79px|||||&#8221; global_colors_info=&#8221;{}&#8221;]<\/p>\n<p style=\"text-align: center;\"><span>\u00a0Tworz\u0119 tutaj pi\u0119kne ceramiczne dzie\u0142a, inspirowane duchowym natchnieniem, polsk\u0105 sztuk\u0105 ludow\u0105 i sakraln\u0105 oraz podlask\u0105 natur\u0105. <\/span><\/p>\n<p style=\"text-align: center;\"><span>Moje prace mog\u0105 ozdobi\u0107 Tw\u00f3j dom i umili\u0107 Ci chwile kontemplacji i modlitwy. Zanurz si\u0119 w \u015bwiat mojej wyobra\u017ani.<\/span><\/p>\n<p style=\"text-align: center;\"><span>Prace ceramiczne powstaj\u0105 w kolekcjach. Gdy wprowadzam do sprzeda\u017cy nowostworzon\u0105 kolekcj\u0119, zawsze prezentuj\u0119 j\u0105 na swoich social mediach. Je\u015bli chcesz by\u0107 na bie\u017c\u0105co z tym co tworz\u0119 w pracowni ceramicznej, koniecznie obserwuj mnie w social mediach (link na dole strony).<\/span><\/p>\n<p style=\"text-align: center;\">\n<p style=\"text-align: center;\">\n<p>[\/et_pb_text][et_pb_text _builder_version=&#8221;4.20.2&#8243; _module_preset=&#8221;default&#8221; text_font=&#8221;Allison||on||||||&#8221; text_text_color=&#8221;#282f54&#8243; text_font_size=&#8221;47px&#8221; text_letter_spacing=&#8221;1px&#8221; custom_margin=&#8221;-15px||-77px|||&#8221; global_colors_info=&#8221;{}&#8221;]<\/p>\n<p><span>Zawsze mo\u017cesz zapyta\u0107 o dost\u0119pne prace poprzez mail: pracowniaskryby@gmail.com<\/span><\/p>\n<p style=\"text-align: center;\"><span>&#8230;<\/span><\/p>\n<p>&nbsp;<\/p>\n<p>[\/et_pb_text][\/et_pb_column][\/et_pb_row][\/et_pb_section][et_pb_section fb_built=&#8221;1&#8243; _builder_version=&#8221;4.20.2&#8243; _module_preset=&#8221;default&#8221; custom_padding=&#8221;0px|||||&#8221; global_colors_info=&#8221;{}&#8221;][et_pb_row column_structure=&#8221;1_3,1_3,1_3&#8243; admin_label=&#8221;pax tibi 1&#8243; _builder_version=&#8221;4.20.2&#8243; _module_preset=&#8221;default&#8221; global_colors_info=&#8221;{}&#8221;][et_pb_column type=&#8221;1_3&#8243; _builder_version=&#8221;4.20.2&#8243; _module_preset=&#8221;default&#8221; global_colors_info=&#8221;{}&#8221;][et_pb_image src=&#8221;https:\/\/pracowniaskryby.pl\/wp-content\/uploads\/2024\/03\/Sw-Antoni-1-Pracownia-Skryby-Paulina-Herman-scaled.webp&#8221; alt=&#8221;\u015aw Antoni 1 Pracownia Skryby Paulina Herman&#8221; title_text=&#8221;\u015aw Antoni 1 Pracownia Skryby Paulina Herman&#8221; admin_label=&#8221;sw antoni ceramika&#8221; _builder_version=&#8221;4.20.2&#8243; _module_preset=&#8221;default&#8221; custom_padding=&#8221;|||3px||&#8221; hover_enabled=&#8221;0&#8243; box_shadow_style=&#8221;preset1&#8243; box_shadow_blur=&#8221;22px&#8221; box_shadow_spread=&#8221;1px&#8221; box_shadow_color=&#8221;#192857&#8243; global_colors_info=&#8221;{}&#8221; sticky_enabled=&#8221;0&#8243;][\/et_pb_image][\/et_pb_column][et_pb_column _builder_version=&#8221;4.20.2&#8243; _module_preset=&#8221;default&#8221; type=&#8221;1_3&#8243;][et_pb_image src=&#8221;https:\/\/pracowniaskryby.pl\/wp-content\/uploads\/2024\/03\/Krzyz-1-Pracownia-Skryby-Paulina-Herman.webp&#8221; alt=&#8221;Krzy\u017c 1 Pracownia Skryby Paulina Herman&#8221; title_text=&#8221;Krzy\u017c 1 Pracownia Skryby Paulina Herman&#8221; admin_label=&#8221;krzyz ceramika&#8221; _builder_version=&#8221;4.20.2&#8243; _module_preset=&#8221;default&#8221; custom_padding=&#8221;|||3px||&#8221; hover_enabled=&#8221;0&#8243; box_shadow_style=&#8221;preset1&#8243; box_shadow_blur=&#8221;22px&#8221; box_shadow_spread=&#8221;1px&#8221; box_shadow_color=&#8221;#192857&#8243; global_colors_info=&#8221;{}&#8221; sticky_enabled=&#8221;0&#8243;][\/et_pb_image][\/et_pb_column][et_pb_column type=&#8221;1_3&#8243; _builder_version=&#8221;4.20.2&#8243; _module_preset=&#8221;default&#8221; global_colors_info=&#8221;{}&#8221;][et_pb_image src=&#8221;https:\/\/pracowniaskryby.pl\/wp-content\/uploads\/2024\/03\/sw-Antoni-Pracownia-Skryby-Paulina-Herman.webp&#8221; alt=&#8221;\u015bw Antoni Pracownia Skryby Paulina Herman&#8221; title_text=&#8221;\u015bw Antoni Pracownia Skryby Paulina Herman&#8221; admin_label=&#8221;sw antoni 2 ceramika&#8221; _builder_version=&#8221;4.20.2&#8243; _module_preset=&#8221;default&#8221; custom_padding=&#8221;|||3px||&#8221; hover_enabled=&#8221;0&#8243; box_shadow_style=&#8221;preset1&#8243; box_shadow_blur=&#8221;22px&#8221; box_shadow_spread=&#8221;1px&#8221; box_shadow_color=&#8221;#192857&#8243; global_colors_info=&#8221;{}&#8221; sticky_enabled=&#8221;0&#8243; custom_margin=&#8221;49px|||||&#8221;][\/et_pb_image][\/et_pb_column][\/et_pb_row][et_pb_row column_structure=&#8221;1_3,1_3,1_3&#8243; _builder_version=&#8221;4.20.2&#8243; _module_preset=&#8221;default&#8221; global_colors_info=&#8221;{}&#8221;][et_pb_column type=&#8221;1_3&#8243; _builder_version=&#8221;4.20.2&#8243; _module_preset=&#8221;default&#8221; global_colors_info=&#8221;{}&#8221;][et_pb_image src=&#8221;https:\/\/pracowniaskryby.pl\/wp-content\/uploads\/2024\/03\/Dzbanek-Pracownia-Skryby-Paulina-Herman.webp&#8221; alt=&#8221;Dzbanek Pracownia Skryby Paulina Herman&#8221; title_text=&#8221;Dzbanek Pracownia Skryby Paulina Herman&#8221; admin_label=&#8221;dzbanek ceramika&#8221; _builder_version=&#8221;4.20.2&#8243; _module_preset=&#8221;default&#8221; hover_enabled=&#8221;0&#8243; box_shadow_style=&#8221;preset1&#8243; global_colors_info=&#8221;{}&#8221; sticky_enabled=&#8221;0&#8243; align=&#8221;center&#8221;][\/et_pb_image][\/et_pb_column][et_pb_column _builder_version=&#8221;4.20.2&#8243; _module_preset=&#8221;default&#8221; type=&#8221;1_3&#8243;][et_pb_image src=&#8221;https:\/\/pracowniaskryby.pl\/wp-content\/uploads\/2024\/03\/Krzyze-Pracownia-Skryby-Paulina-Herman-scaled.webp&#8221; alt=&#8221;Krzy\u017ce Pracownia Skryby Paulina Herman&#8221; title_text=&#8221;Krzy\u017ce Pracownia Skryby Paulina Herman&#8221; admin_label=&#8221;Malarstwo baner 2&#8243; _builder_version=&#8221;4.20.2&#8243; _module_preset=&#8221;default&#8221; hover_enabled=&#8221;0&#8243; box_shadow_style=&#8221;preset1&#8243; global_colors_info=&#8221;{}&#8221; sticky_enabled=&#8221;0&#8243; align=&#8221;center&#8221; custom_margin=&#8221;66px|||||&#8221;][\/et_pb_image][\/et_pb_column][et_pb_column type=&#8221;1_3&#8243; _builder_version=&#8221;4.20.2&#8243; _module_preset=&#8221;default&#8221; global_colors_info=&#8221;{}&#8221;][et_pb_image src=&#8221;https:\/\/pracowniaskryby.pl\/wp-content\/uploads\/2024\/03\/Talerz-Pracownia-Skryby-Paulina-Herman-scaled.webp&#8221; alt=&#8221;Talerz Pracownia Skryby Paulina Herman&#8221; title_text=&#8221;Talerz Pracownia Skryby Paulina Herman&#8221; admin_label=&#8221;Malarstwo baner 2&#8243; _builder_version=&#8221;4.20.2&#8243; _module_preset=&#8221;default&#8221; hover_enabled=&#8221;0&#8243; box_shadow_style=&#8221;preset1&#8243; global_colors_info=&#8221;{}&#8221; sticky_enabled=&#8221;0&#8243; align=&#8221;center&#8221;][\/et_pb_image][\/et_pb_column][\/et_pb_row][et_pb_row _builder_version=&#8221;4.20.2&#8243; _module_preset=&#8221;default&#8221; column_structure=&#8221;1_5,3_5,1_5&#8243;][et_pb_column _builder_version=&#8221;4.20.2&#8243; _module_preset=&#8221;default&#8221; type=&#8221;1_5&#8243;][\/et_pb_column][et_pb_column _builder_version=&#8221;4.20.2&#8243; _module_preset=&#8221;default&#8221; type=&#8221;3_5&#8243;][et_pb_image src=&#8221;https:\/\/pracowniaskryby.pl\/wp-content\/uploads\/2024\/03\/Jajko-Pracownia-Skryby-Paulina-Herman.webp&#8221; _builder_version=&#8221;4.20.2&#8243; _module_preset=&#8221;default&#8221; alt=&#8221;Jajko Pracownia Skryby Paulina Herman&#8221; title_text=&#8221;Jajko Pracownia Skryby Paulina Herman&#8221; admin_label=&#8221;jajko ceramika&#8221; hover_enabled=&#8221;0&#8243; sticky_enabled=&#8221;0&#8243;][\/et_pb_image][\/et_pb_column][et_pb_column _builder_version=&#8221;4.20.2&#8243; _module_preset=&#8221;default&#8221; type=&#8221;1_5&#8243;][\/et_pb_column][\/et_pb_row][\/et_pb_section]<\/p>\n","protected":false},"excerpt":{"rendered":"<p>Pracownia Skryby to tak\u017ce pracownia ceramiczna. &nbsp;\u00a0Tworz\u0119 tutaj pi\u0119kne ceramiczne dzie\u0142a, inspirowane duchowym natchnieniem, polsk\u0105 sztuk\u0105 ludow\u0105 i sakraln\u0105 oraz podlask\u0105 natur\u0105. Moje prace mog\u0105 ozdobi\u0107 Tw\u00f3j dom i umili\u0107 Ci chwile kontemplacji i modlitwy. Zanurz si\u0119 w \u015bwiat mojej wyobra\u017ani. Prace ceramiczne powstaj\u0105 w kolekcjach. Gdy wprowadzam do sprzeda\u017cy nowostworzon\u0105 kolekcj\u0119, zawsze prezentuj\u0119 j\u0105 [&hellip;]<\/p>\n","protected":false},"author":1,"featured_media":0,"parent":0,"menu_order":0,"comment_status":"closed","ping_status":"closed","template":"","meta":{"_et_pb_use_builder":"on","_et_pb_old_content":"","_et_gb_content_width":"","footnotes":""},"class_list":["post-27","page","type-page","status-publish","hentry"],"_links":{"self":[{"href":"https:\/\/pracowniaskryby.pl\/index.php?rest_route=\/wp\/v2\/pages\/27","targetHints":{"allow":["GET"]}}],"collection":[{"href":"https:\/\/pracowniaskryby.pl\/index.php?rest_route=\/wp\/v2\/pages"}],"about":[{"href":"https:\/\/pracowniaskryby.pl\/index.php?rest_route=\/wp\/v2\/types\/page"}],"author":[{"embeddable":true,"href":"https:\/\/pracowniaskryby.pl\/index.php?rest_route=\/wp\/v2\/users\/1"}],"replies":[{"embeddable":true,"href":"https:\/\/pracowniaskryby.pl\/index.php?rest_route=%2Fwp%2Fv2%2Fcomments&post=27"}],"version-history":[{"count":19,"href":"https:\/\/pracowniaskryby.pl\/index.php?rest_route=\/wp\/v2\/pages\/27\/revisions"}],"predecessor-version":[{"id":624,"href":"https:\/\/pracowniaskryby.pl\/index.php?rest_route=\/wp\/v2\/pages\/27\/revisions\/624"}],"wp:attachment":[{"href":"https:\/\/pracowniaskryby.pl\/index.php?rest_route=%2Fwp%2Fv2%2Fmedia&parent=27"}],"curies":[{"name":"wp","href":"https:\/\/api.w.org\/{rel}","templated":true}]}}