{"id":33,"date":"2023-03-15T16:01:11","date_gmt":"2023-03-15T15:01:11","guid":{"rendered":"https:\/\/pracowniaskryby.pl\/?page_id=33"},"modified":"2024-04-03T11:41:50","modified_gmt":"2024-04-03T09:41:50","slug":"kontakt","status":"publish","type":"page","link":"https:\/\/pracowniaskryby.pl\/?page_id=33","title":{"rendered":"KONTAKT"},"content":{"rendered":"<p>[et_pb_section fb_built=&#8221;1&#8243; fullwidth=&#8221;on&#8221; admin_label=&#8221;baner strona g\u0142\u00f3wna&#8221; _builder_version=&#8221;4.20.2&#8243; _module_preset=&#8221;default&#8221; custom_margin=&#8221;0px||||false|false&#8221; bottom_divider_style=&#8221;waves2&#8243; bottom_divider_color=&#8221;RGBA(255,255,255,0)&#8221; bottom_divider_height=&#8221;37px&#8221; global_colors_info=&#8221;{}&#8221;][et_pb_fullwidth_image src=&#8221;https:\/\/pracowniaskryby.pl\/wp-content\/uploads\/2023\/06\/home-baner-Pracownia-Skryby-Paulina-Herman.webp&#8221; title_text=&#8221;home baner Pracownia Skryby Paulina Herman&#8221; _builder_version=&#8221;4.20.2&#8243; _module_preset=&#8221;default&#8221; custom_margin=&#8221;0px||||false|false&#8221; custom_padding=&#8221;0px|0px|0px|||&#8221; global_colors_info=&#8221;{}&#8221;][\/et_pb_fullwidth_image][\/et_pb_section][et_pb_section fb_built=&#8221;1&#8243; _builder_version=&#8221;4.20.2&#8243; _module_preset=&#8221;default&#8221; module_alignment=&#8221;center&#8221; custom_margin=&#8221;8px|||||&#8221; custom_padding=&#8221;11px||4px|216px||&#8221; top_divider_style=&#8221;waves2&#8243; top_divider_color=&#8221;RGBA(255,255,255,0)&#8221; top_divider_height=&#8221;37px&#8221; global_colors_info=&#8221;{}&#8221;][et_pb_row _builder_version=&#8221;4.20.2&#8243; _module_preset=&#8221;default&#8221; custom_margin=&#8221;-15px|auto||-68px||&#8221; custom_padding=&#8221;0px||0px|0px||&#8221; border_color_left=&#8221;RGBA(255,255,255,0)&#8221; global_colors_info=&#8221;{}&#8221;][et_pb_column type=&#8221;4_4&#8243; _builder_version=&#8221;4.20.2&#8243; _module_preset=&#8221;default&#8221; global_colors_info=&#8221;{}&#8221;][et_pb_text admin_label=&#8221;home naglowek 1 Pracownia Skryby&#8221; _builder_version=&#8221;4.20.2&#8243; _module_preset=&#8221;default&#8221; text_font_size=&#8221;32px&#8221; min_height=&#8221;39.8px&#8221; custom_margin=&#8221;13px|||||&#8221; custom_padding=&#8221;2px|0px|0px|144px||&#8221; global_colors_info=&#8221;{}&#8221;]<\/p>\n<p style=\"text-align: justify;\"><strong>Mog\u0119 Ci w jaki\u015b spos\u00f3b pom\u00f3c?<\/strong><\/p>\n<p style=\"text-align: justify;\"><a href=\"mailto:pracowniaskryby@gmail.com\">Napisz do mnie!!!<\/a><\/p>\n<p style=\"text-align: justify;\"><span style=\"color: #993300;\"><em><a href=\"mailto:pracowniaskryby@gmail.com\" style=\"color: #993300;\">pracowniaskryby@gmail.com<\/a><\/em><\/span><\/p>\n<p>[\/et_pb_text][et_pb_text _builder_version=&#8221;4.20.2&#8243; _module_preset=&#8221;default&#8221; text_text_color=&#8221;#000000&#8243; text_font_size=&#8221;21px&#8221; text_letter_spacing=&#8221;1px&#8221; custom_margin=&#8221;-25px|26px||26px||true&#8221; custom_padding=&#8221;5px|0px||82px||&#8221; hover_enabled=&#8221;0&#8243; global_colors_info=&#8221;{}&#8221; sticky_enabled=&#8221;0&#8243;]<\/p>\n<blockquote>\n<p><span>Chcesz zam\u00f3wi\u0107 <a href=\"https:\/\/pracowniaskryby.pl\/?page_id=21\">MANUSKRYPT<\/a> lub <a href=\"https:\/\/pracowniaskryby.pl\/?page_id=27\">CERAMIK\u0118 ARTYSTYCZN\u0104<\/a>? Chcia\u0142by\u015b o co\u015b zapyta\u0107? Masz jaki\u015b inny ciekawy pomys\u0142, przy kt\u00f3rego realizacji mog\u0142abym Ci pom\u00f3c?<br \/>Nie zwlekaj i napisz do mnie.<\/span><\/p>\n<\/blockquote>\n<p>[\/et_pb_text][\/et_pb_column][\/et_pb_row][\/et_pb_section][et_pb_section fb_built=&#8221;1&#8243; _builder_version=&#8221;4.20.2&#8243; _module_preset=&#8221;default&#8221; custom_padding=&#8221;0px|||||&#8221; global_colors_info=&#8221;{}&#8221;][et_pb_row column_structure=&#8221;1_2,1_2&#8243; _builder_version=&#8221;4.20.2&#8243; _module_preset=&#8221;default&#8221; custom_padding=&#8221;||17px|||&#8221; global_colors_info=&#8221;{}&#8221;][et_pb_column type=&#8221;1_2&#8243; _builder_version=&#8221;4.20.2&#8243; _module_preset=&#8221;default&#8221; global_colors_info=&#8221;{}&#8221;][et_pb_image src=&#8221;https:\/\/pracowniaskryby.pl\/wp-content\/uploads\/2023\/09\/Baner-3-Malarstwo-Pracownia-Skryby-Paulina-Herman.webp&#8221; alt=&#8221;Baner 3 Malarstwo Pracownia Skryby Paulina Herman&#8221; title_text=&#8221;Baner 3 Malarstwo Pracownia Skryby Paulina Herman&#8221; _builder_version=&#8221;4.20.2&#8243; _module_preset=&#8221;default&#8221; custom_margin=&#8221;|56px||||&#8221; custom_padding=&#8221;34px||95px|0px||&#8221; hover_enabled=&#8221;0&#8243; global_colors_info=&#8221;{}&#8221; sticky_enabled=&#8221;0&#8243;][\/et_pb_image][\/et_pb_column][et_pb_column type=&#8221;1_2&#8243; _builder_version=&#8221;4.20.2&#8243; _module_preset=&#8221;default&#8221; global_colors_info=&#8221;{}&#8221;][et_pb_image src=&#8221;https:\/\/pracowniaskryby.pl\/wp-content\/uploads\/2024\/03\/Krzyze-Pracownia-Skryby-Paulina-Herman-scaled.webp&#8221; alt=&#8221;Krzy\u017ce Pracownia Skryby Paulina Herman&#8221; title_text=&#8221;Krzy\u017ce Pracownia Skryby Paulina Herman&#8221; _builder_version=&#8221;4.20.2&#8243; _module_preset=&#8221;default&#8221; custom_margin=&#8221;|||-177px||&#8221; custom_padding=&#8221;0px||0px|0px||&#8221; hover_enabled=&#8221;0&#8243; global_colors_info=&#8221;{}&#8221; box_shadow_style=&#8221;preset1&#8243; box_shadow_horizontal=&#8221;9px&#8221; box_shadow_spread=&#8221;4px&#8221; sticky_enabled=&#8221;0&#8243;][\/et_pb_image][\/et_pb_column][\/et_pb_row][\/et_pb_section]<\/p>\n","protected":false},"excerpt":{"rendered":"<p>Mog\u0119 Ci w jaki\u015b spos\u00f3b pom\u00f3c? Napisz do mnie!!! pracowniaskryby@gmail.com Chcesz zam\u00f3wi\u0107 MANUSKRYPT lub CERAMIK\u0118 ARTYSTYCZN\u0104? Chcia\u0142by\u015b o co\u015b zapyta\u0107? Masz jaki\u015b inny ciekawy pomys\u0142, przy kt\u00f3rego realizacji mog\u0142abym Ci pom\u00f3c?Nie zwlekaj i napisz do mnie.<\/p>\n","protected":false},"author":1,"featured_media":0,"parent":0,"menu_order":0,"comment_status":"closed","ping_status":"closed","template":"","meta":{"_et_pb_use_builder":"on","_et_pb_old_content":"","_et_gb_content_width":"","footnotes":""},"class_list":["post-33","page","type-page","status-publish","hentry"],"_links":{"self":[{"href":"https:\/\/pracowniaskryby.pl\/index.php?rest_route=\/wp\/v2\/pages\/33","targetHints":{"allow":["GET"]}}],"collection":[{"href":"https:\/\/pracowniaskryby.pl\/index.php?rest_route=\/wp\/v2\/pages"}],"about":[{"href":"https:\/\/pracowniaskryby.pl\/index.php?rest_route=\/wp\/v2\/types\/page"}],"author":[{"embeddable":true,"href":"https:\/\/pracowniaskryby.pl\/index.php?rest_route=\/wp\/v2\/users\/1"}],"replies":[{"embeddable":true,"href":"https:\/\/pracowniaskryby.pl\/index.php?rest_route=%2Fwp%2Fv2%2Fcomments&post=33"}],"version-history":[{"count":20,"href":"https:\/\/pracowniaskryby.pl\/index.php?rest_route=\/wp\/v2\/pages\/33\/revisions"}],"predecessor-version":[{"id":725,"href":"https:\/\/pracowniaskryby.pl\/index.php?rest_route=\/wp\/v2\/pages\/33\/revisions\/725"}],"wp:attachment":[{"href":"https:\/\/pracowniaskryby.pl\/index.php?rest_route=%2Fwp%2Fv2%2Fmedia&parent=33"}],"curies":[{"name":"wp","href":"https:\/\/api.w.org\/{rel}","templated":true}]}}